{"id":245,"date":"2023-12-19T11:36:18","date_gmt":"2023-12-19T11:36:18","guid":{"rendered":"https:\/\/greenread.erasmus.site\/?page_id=245"},"modified":"2023-12-19T12:02:20","modified_gmt":"2023-12-19T12:02:20","slug":"green-skill-response-strategies-for-jobs-career-readiness-report","status":"publish","type":"page","link":"https:\/\/greenread.erasmus.site\/de\/green-skill-response-strategies-for-jobs-career-readiness-report\/","title":{"rendered":"Green Skill Response Strategies for Jobs &#8211; Bericht zur Berufsvorbereitung"},"content":{"rendered":"<p>Der Bericht &#8222;Green Skill Response Strategies for Jobs Career Readiness&#8220; (WP2) zielt darauf ab, die Ma\u00dfnahmen zur Ausbildung von F\u00e4higkeiten in Umweltstrategien und -programmen f\u00fcr junge Menschen in Einrichtungen der allgemeinen und beruflichen Bildung, der Berufsbildung und der Hochschulbildung zu bewerten.<br \/>\nDieses Ergebnis stellt eine tiefgreifende Analyse der aktuellen Situation in den Partnerl\u00e4ndern in Bezug auf gr\u00fcne Kompetenzen in der Bildung dar und bietet eine Anleitung zur Identifizierung aktueller und zuk\u00fcnftiger umweltorientierter Kompetenzen, die f\u00fcr die neue gr\u00fcne Wirtschaft und gr\u00fcne Arbeitspl\u00e4tze ben\u00f6tigt werden.<br \/>\nDie Partner entwickelten zwei spezifische Frageb\u00f6gen f\u00fcr junge Menschen und P\u00e4dagogen, die an Vertreter beider Zielgruppen in den Partnerl\u00e4ndern verteilt wurden. Die Ergebnisse dieser Frageb\u00f6gen wurden in nationalen Berichten und schlie\u00dflich in einem gemeinsamen Bericht zusammengefasst, der hier in allen Partnersprachen verf\u00fcgbar ist.<br \/>\nEs ist auch m\u00f6glich, die nationalen Berichte auf Englisch einzusehen.<br \/>\nAus der Datenanalyse lassen sich die folgenden allgemeinen Schlussfolgerungen ziehen:<br \/>\nInsgesamt haben 199 Personen an der Umfrage teilgenommen, die sich wie folgt auf die verschiedenen L\u00e4nder verteilen:<\/p>\n<p>Deutschland: 11 Befragte<br \/>\nPolen: 46 Befragte<br \/>\nSpanien: 47 Befragte<br \/>\nT\u00fcrkei: 50 Befragte<br \/>\nItalien: 45 Befragte<\/p>\n<p>Es stellte sich heraus, dass:<\/p>\n<p>In allen befragten L\u00e4ndern besteht die Notwendigkeit, das Bewusstsein f\u00fcr gr\u00fcne Kompetenzen zu sch\u00e4rfen und diese zu vermitteln, um gr\u00fcne Arbeitspl\u00e4tze f\u00fcr eine nachhaltige Zukunft zu f\u00f6rdern.<br \/>\nBildungseinrichtungen m\u00fcssen Umweltthemen Priorit\u00e4t einr\u00e4umen, Lehrpl\u00e4ne aktualisieren und wirksame Strategien f\u00fcr die Vermittlung gr\u00fcner Kompetenzen an Lehrer und Sch\u00fcler entwickeln.<br \/>\nEs besteht ein Bedarf an Einrichtungen, die Umweltbelange und die Vorbereitung auf gr\u00fcne Berufe st\u00e4rker in den Vordergrund zu stellen, um den Anforderungen einer gr\u00fcneren Wirtschaft gerecht zu werden.<br \/>\nVerschiedene Schulungsans\u00e4tze, darunter Seminare, Online-Kurse und externe Ausbilder, k\u00f6nnen zur Entwicklung gr\u00fcner Kompetenzen beitragen.<br \/>\nOrganisationen sollten sich darauf konzentrieren, gr\u00fcne Kompetenzen in ihre Ausbildungsprogramme und Lehrpl\u00e4ne einzubauen, um den Herausforderungen einer gr\u00fcnen Wirtschaft gerecht zu werden.<\/p>\n<p>Insgesamt unterstreichen die Umfragen, wie wichtig es ist, gr\u00fcne Arbeitspl\u00e4tze und Kompetenzen in allen Bildungseinrichtungen zu f\u00f6rdern, um qualifizierte Arbeitskr\u00e4fte f\u00fcr eine nachhaltigere und umweltfreundlichere Zukunft zu sichern.<br \/>\n\r\n<!--change the width and height value as you want.--> \r\n<!-- Do change \"index.htm\" to your real html name of the flippingbook--> \r\n<iframe  style=\"width:100%;height:650px\"  src=\"https:\/\/greenread.erasmus.site\/wp-content\/uploads\/flipbook\/2\/book.html\"  seamless=\"seamless\" scrolling=\"no\" frameborder=\"0\" allowtransparency=\"true\" allowfullscreen mozallowfullscreen  webkitallowfullscreen ><\/iframe>\r\n<br \/>\n<\/p>\n<p style=\"text-align: center;\"><a class=\"btn btn-primary btn-lg active\" role=\"button\" href=\"https:\/\/greenread.erasmus.site\/wp-content\/uploads\/2023\/12\/DE_Green-read-final-report.pdf\" target=\"_blank\" rel=\"noopener\" aria-pressed=\"true\">Download<\/a><\/p>\n<p><\/p>","protected":false},"excerpt":{"rendered":"<p>Der Bericht &#8222;Green Skill Response Strategies for Jobs Career Readiness&#8220; (WP2) zielt darauf ab, die Ma\u00dfnahmen zur Ausbildung von F\u00e4higkeiten in Umweltstrategien und -programmen f\u00fcr junge Menschen in Einrichtungen der allgemeinen und beruflichen Bildung, der Berufsbildung und der Hochschulbildung zu bewerten. Dieses Ergebnis stellt eine tiefgreifende Analyse der aktuellen Situation in den Partnerl\u00e4ndern in Bezug&hellip;&nbsp;<a href=\"https:\/\/greenread.erasmus.site\/de\/green-skill-response-strategies-for-jobs-career-readiness-report\/\" rel=\"bookmark\">Weiterlesen &raquo;<span class=\"screen-reader-text\">Green Skill Response Strategies for Jobs &#8211; Bericht zur Berufsvorbereitung<\/span><\/a><\/p>\n","protected":false},"author":1,"featured_media":91,"parent":0,"menu_order":0,"comment_status":"closed","ping_status":"closed","template":"","meta":{"neve_meta_sidebar":"","neve_meta_container":"","neve_meta_enable_content_width":"off","neve_meta_content_width":100,"neve_meta_title_alignment":"","neve_meta_author_avatar":"","neve_post_elements_order":"","neve_meta_disable_header":"","neve_meta_disable_footer":"","neve_meta_disable_title":"","footnotes":""},"class_list":["post-245","page","type-page","status-publish","has-post-thumbnail","hentry"],"_links":{"self":[{"href":"https:\/\/greenread.erasmus.site\/de\/wp-json\/wp\/v2\/pages\/245","targetHints":{"allow":["GET"]}}],"collection":[{"href":"https:\/\/greenread.erasmus.site\/de\/wp-json\/wp\/v2\/pages"}],"about":[{"href":"https:\/\/greenread.erasmus.site\/de\/wp-json\/wp\/v2\/types\/page"}],"author":[{"embeddable":true,"href":"https:\/\/greenread.erasmus.site\/de\/wp-json\/wp\/v2\/users\/1"}],"replies":[{"embeddable":true,"href":"https:\/\/greenread.erasmus.site\/de\/wp-json\/wp\/v2\/comments?post=245"}],"version-history":[{"count":5,"href":"https:\/\/greenread.erasmus.site\/de\/wp-json\/wp\/v2\/pages\/245\/revisions"}],"predecessor-version":[{"id":257,"href":"https:\/\/greenread.erasmus.site\/de\/wp-json\/wp\/v2\/pages\/245\/revisions\/257"}],"wp:featuredmedia":[{"embeddable":true,"href":"https:\/\/greenread.erasmus.site\/de\/wp-json\/wp\/v2\/media\/91"}],"wp:attachment":[{"href":"https:\/\/greenread.erasmus.site\/de\/wp-json\/wp\/v2\/media?parent=245"}],"curies":[{"name":"wp","href":"https:\/\/api.w.org\/{rel}","templated":true}]}}