{"id":245,"date":"2023-12-19T11:36:18","date_gmt":"2023-12-19T11:36:18","guid":{"rendered":"https:\/\/greenread.erasmus.site\/?page_id=245"},"modified":"2023-12-19T12:02:20","modified_gmt":"2023-12-19T12:02:20","slug":"green-skill-response-strategies-for-jobs-career-readiness-report","status":"publish","type":"page","link":"https:\/\/greenread.erasmus.site\/es\/green-skill-response-strategies-for-jobs-career-readiness-report\/","title":{"rendered":"Estrategias de respuesta a las habilidades verdes para el informe de preparaci\u00f3n profesional para el empleo"},"content":{"rendered":"<p>El Informe de preparaci\u00f3n profesional (WP2) sobre estrategias de respuesta de habilidades ecol\u00f3gicas para el empleo tiene como objetivo evaluar las respuestas de capacitaci\u00f3n de habilidades en estrategias y programas ambientales para j\u00f3venes en YEC, VETS, TVET e instituciones de educaci\u00f3n superior.<br \/>\nEste resultado presenta un an\u00e1lisis profundo de la situaci\u00f3n actual en los pa\u00edses socios con respecto a las habilidades verdes en la educaci\u00f3n y proporciona orientaci\u00f3n sobre c\u00f3mo embarcarse en la identificaci\u00f3n de las habilidades actuales y futuras impulsadas por el medio ambiente necesarias para la nueva econom\u00eda verde y los empleos verdes.<br \/>\nLos socios desarrollaron dos cuestionarios espec\u00edficos para j\u00f3venes y educadores, que fueron distribuidos a representantes de ambos grupos objetivo en los pa\u00edses socios. Los resultados de estos cuestionarios se compilaron en informes nacionales y, finalmente, en un informe com\u00fan disponible aqu\u00ed en todos los idiomas de la asociaci\u00f3n.<br \/>\nTambi\u00e9n es posible ver los informes nacionales en ingl\u00e9s.<br \/>\nDel an\u00e1lisis de los datos se pueden extraer las siguientes conclusiones generales:<\/p>\n<p>Un total de 199 encuestados participaron en el cuestionario divididos de la siguiente manera seg\u00fan los diferentes pa\u00edses:<\/p>\n<p>Alemania: 11 encuestados<\/p>\n<p>Polonia: 46 encuestados<\/p>\n<p>Espa\u00f1a: 47 encuestados<\/p>\n<p>Turqu\u00eda: 50 encuestados<\/p>\n<p>Italia: 45 encuestados<\/p>\n<p>Result\u00f3 que:<br \/>\nEn todos los pa\u00edses encuestados, es necesario crear conciencia y educar sobre habilidades verdes para promover empleos verdes para un futuro sostenible.<\/p>\n<p>Las instituciones educativas deben priorizar las cuestiones ambientales, actualizar los planes de estudio y proporcionar estrategias eficaces para cultivar habilidades ecol\u00f3gicas entre profesores y estudiantes.<\/p>\n<p>Existe una demanda de que las instituciones pongan mayor \u00e9nfasis en las preocupaciones ambientales y la preparaci\u00f3n profesional verde para cumplir con los requisitos de una econom\u00eda verde.<\/p>\n<p>Diversos enfoques de formaci\u00f3n, incluidos seminarios, cursos en l\u00ednea e instructores externos, pueden contribuir al desarrollo de habilidades ecol\u00f3gicas.<\/p>\n<p>Las organizaciones deber\u00edan centrarse en incorporar habilidades verdes en sus programas de capacitaci\u00f3n y planes de estudio para enfrentar los desaf\u00edos de una econom\u00eda verde.<\/p>\n<p>En general, las encuestas subrayan la importancia de promover empleos y habilidades verdes en todas las instituciones educativas para garantizar una fuerza laboral calificada para un futuro m\u00e1s sostenible y ecol\u00f3gico.<\/p>\n<p>\r\n<!--change the width and height value as you want.--> \r\n<!-- Do change \"index.htm\" to your real html name of the flippingbook--> \r\n<iframe  style=\"width:100%;height:650px\"  src=\"https:\/\/greenread.erasmus.site\/wp-content\/uploads\/flipbook\/5\/book.html\"  seamless=\"seamless\" scrolling=\"no\" frameborder=\"0\" allowtransparency=\"true\" allowfullscreen mozallowfullscreen  webkitallowfullscreen ><\/iframe>\r\n<br \/>\n<\/p>\n<p style=\"text-align: center;\"><a class=\"btn btn-primary btn-lg active\" role=\"button\" href=\"https:\/\/greenread.erasmus.site\/wp-content\/uploads\/2023\/12\/ES_Green-Read-Reporte-Final.pdf\" target=\"_blank\" rel=\"noopener\" aria-pressed=\"true\">Download<\/a><\/p>\n<p><\/p>","protected":false},"excerpt":{"rendered":"<p>El Informe de preparaci\u00f3n profesional (WP2) sobre estrategias de respuesta de habilidades ecol\u00f3gicas para el empleo tiene como objetivo evaluar las respuestas de capacitaci\u00f3n de habilidades en estrategias y programas ambientales para j\u00f3venes en YEC, VETS, TVET e instituciones de educaci\u00f3n superior. Este resultado presenta un an\u00e1lisis profundo de la situaci\u00f3n actual en los pa\u00edses&hellip;&nbsp;<a href=\"https:\/\/greenread.erasmus.site\/es\/green-skill-response-strategies-for-jobs-career-readiness-report\/\" rel=\"bookmark\">Leer m\u00e1s &raquo;<span class=\"screen-reader-text\">Estrategias de respuesta a las habilidades verdes para el informe de preparaci\u00f3n profesional para el empleo<\/span><\/a><\/p>\n","protected":false},"author":1,"featured_media":91,"parent":0,"menu_order":0,"comment_status":"closed","ping_status":"closed","template":"","meta":{"neve_meta_sidebar":"","neve_meta_container":"","neve_meta_enable_content_width":"off","neve_meta_content_width":100,"neve_meta_title_alignment":"","neve_meta_author_avatar":"","neve_post_elements_order":"","neve_meta_disable_header":"","neve_meta_disable_footer":"","neve_meta_disable_title":"","footnotes":""},"class_list":["post-245","page","type-page","status-publish","has-post-thumbnail","hentry"],"_links":{"self":[{"href":"https:\/\/greenread.erasmus.site\/es\/wp-json\/wp\/v2\/pages\/245","targetHints":{"allow":["GET"]}}],"collection":[{"href":"https:\/\/greenread.erasmus.site\/es\/wp-json\/wp\/v2\/pages"}],"about":[{"href":"https:\/\/greenread.erasmus.site\/es\/wp-json\/wp\/v2\/types\/page"}],"author":[{"embeddable":true,"href":"https:\/\/greenread.erasmus.site\/es\/wp-json\/wp\/v2\/users\/1"}],"replies":[{"embeddable":true,"href":"https:\/\/greenread.erasmus.site\/es\/wp-json\/wp\/v2\/comments?post=245"}],"version-history":[{"count":5,"href":"https:\/\/greenread.erasmus.site\/es\/wp-json\/wp\/v2\/pages\/245\/revisions"}],"predecessor-version":[{"id":257,"href":"https:\/\/greenread.erasmus.site\/es\/wp-json\/wp\/v2\/pages\/245\/revisions\/257"}],"wp:featuredmedia":[{"embeddable":true,"href":"https:\/\/greenread.erasmus.site\/es\/wp-json\/wp\/v2\/media\/91"}],"wp:attachment":[{"href":"https:\/\/greenread.erasmus.site\/es\/wp-json\/wp\/v2\/media?parent=245"}],"curies":[{"name":"wp","href":"https:\/\/api.w.org\/{rel}","templated":true}]}}