{"id":39,"date":"2023-11-02T12:16:29","date_gmt":"2023-11-02T12:16:29","guid":{"rendered":"https:\/\/greenread.erasmus.site\/?page_id=39"},"modified":"2023-12-05T18:07:58","modified_gmt":"2023-12-05T18:07:58","slug":"home","status":"publish","type":"page","link":"https:\/\/greenread.erasmus.site\/es\/","title":{"rendered":"Inicio"},"content":{"rendered":"\t\t<div data-elementor-type=\"wp-page\" data-elementor-id=\"39\" class=\"elementor elementor-39\">\n\t\t\t\t<div class=\"elementor-element elementor-element-e47dfbe e-flex e-con-boxed e-con e-parent\" data-id=\"e47dfbe\" data-element_type=\"container\" data-e-type=\"container\" data-settings=\"{&quot;background_background&quot;:&quot;classic&quot;}\">\n\t\t\t\t\t<div class=\"e-con-inner\">\n\t\t<div class=\"elementor-element elementor-element-1427ce5 e-con-full e-flex e-con e-child\" data-id=\"1427ce5\" data-element_type=\"container\" data-e-type=\"container\" data-settings=\"{&quot;background_background&quot;:&quot;classic&quot;}\">\n\t\t\t\t<div class=\"elementor-element elementor-element-a9c7f70 elementor-widget elementor-widget-heading\" data-id=\"a9c7f70\" data-element_type=\"widget\" data-e-type=\"widget\" data-widget_type=\"heading.default\">\n\t\t\t\t<div class=\"elementor-widget-container\">\n\t\t\t\t\t<h2 class=\"elementor-heading-title elementor-size-large\">GREEN READ<\/h2>\t\t\t\t<\/div>\n\t\t\t\t<\/div>\n\t\t\t\t<div class=\"elementor-element elementor-element-f0c6d66 elementor-widget elementor-widget-text-editor\" data-id=\"f0c6d66\" data-element_type=\"widget\" data-e-type=\"widget\" data-widget_type=\"text-editor.default\">\n\t\t\t\t<div class=\"elementor-widget-container\">\n\t\t\t\t\t\t\t\t\t<p><\/p><p><\/p><p><\/p><p><\/p><p><\/p><p>Tu carrera ecol\u00f3gica es nuestro futuro: Empleos verdes: preparaci\u00f3n profesional para los j\u00f3venes<\/p><p>\u00c1mbito: Juventud<\/p><p>N\u00famero de Proyecto: 2022-1-DE02-KA220-YOU-000085086<br \/>Duraci\u00f3n del proyecto: 01.12.2022 &#8211; 30.11.2024 (24 months)<\/p>\t\t\t\t\t\t\t\t<\/div>\n\t\t\t\t<\/div>\n\t\t\t\t<\/div>\n\t\t<div class=\"elementor-element elementor-element-f8cc47e e-con-full e-flex e-con e-child\" data-id=\"f8cc47e\" data-element_type=\"container\" data-e-type=\"container\">\n\t\t\t\t<div class=\"elementor-element elementor-element-ac2f6d6 elementor-widget elementor-widget-image\" data-id=\"ac2f6d6\" data-element_type=\"widget\" data-e-type=\"widget\" data-widget_type=\"image.default\">\n\t\t\t\t<div class=\"elementor-widget-container\">\n\t\t\t\t\t\t\t\t\t\t\t\t\t\t\t<img fetchpriority=\"high\" decoding=\"async\" width=\"300\" height=\"300\" src=\"https:\/\/greenread.erasmus.site\/wp-content\/uploads\/2023\/11\/Green-read-Logo-1-300x300.png\" class=\"attachment-medium size-medium wp-image-43\" alt=\"\" srcset=\"https:\/\/greenread.erasmus.site\/wp-content\/uploads\/2023\/11\/Green-read-Logo-1-300x300.png 300w, https:\/\/greenread.erasmus.site\/wp-content\/uploads\/2023\/11\/Green-read-Logo-1-150x150.png 150w, https:\/\/greenread.erasmus.site\/wp-content\/uploads\/2023\/11\/Green-read-Logo-1.png 500w\" sizes=\"(max-width: 300px) 100vw, 300px\" \/>\t\t\t\t\t\t\t\t\t\t\t\t\t\t\t<\/div>\n\t\t\t\t<\/div>\n\t\t\t\t<\/div>\n\t\t\t\t\t<\/div>\n\t\t\t\t<\/div>\n\t\t<div class=\"elementor-element elementor-element-4802af2 e-flex e-con-boxed e-con e-parent\" data-id=\"4802af2\" data-element_type=\"container\" data-e-type=\"container\">\n\t\t\t\t\t<div class=\"e-con-inner\">\n\t\t<div class=\"elementor-element elementor-element-eebc351 e-con-full e-flex e-con e-child\" data-id=\"eebc351\" data-element_type=\"container\" data-e-type=\"container\">\n\t\t\t\t<div class=\"elementor-element elementor-element-34a4ffb elementor-widget elementor-widget-heading\" data-id=\"34a4ffb\" data-element_type=\"widget\" data-e-type=\"widget\" data-widget_type=\"heading.default\">\n\t\t\t\t<div class=\"elementor-widget-container\">\n\t\t\t\t\t<h2 class=\"elementor-heading-title elementor-size-default\">GREEN READ prioridades<\/h2>\t\t\t\t<\/div>\n\t\t\t\t<\/div>\n\t\t\t\t<div class=\"elementor-element elementor-element-1299514 elementor-widget elementor-widget-text-editor\" data-id=\"1299514\" data-element_type=\"widget\" data-e-type=\"widget\" data-widget_type=\"text-editor.default\">\n\t\t\t\t<div class=\"elementor-widget-container\">\n\t\t\t\t\t\t\t\t\t<p>La principal motivaci\u00f3n del proyecto es orientar a los j\u00f3venes, los centros de formaci\u00f3n profesional y t\u00e9cnica y las instituciones de ense\u00f1anza superior para que desarrollen con \u00e9xito una trayectoria de preparaci\u00f3n profesional que contribuya al desarrollo de carreras ecol\u00f3gicas del principal grupo destinatario. El proyecto Green Read est\u00e1 dise\u00f1ado para ofrecer nuevos consejos a los j\u00f3venes, sus centros de ense\u00f1anza, los empleadores y otras partes interesadas sobre la mejor manera de preparar a los j\u00f3venes para competir en el mercado laboral verde y ecol\u00f3gico. Los j\u00f3venes de hoy en d\u00eda nunca han salido de la educaci\u00f3n con m\u00e1s ambici\u00f3n y m\u00e1s cualificados, pero incluso antes de la pandemia muchos luchaban por encontrar un buen trabajo. La crisis del COVID-19 ha hecho a\u00fan m\u00e1s urgente que ayudemos a los j\u00f3venes a prosperar en su paso por la educaci\u00f3n y el mercado laboral en la era de los desarrollos ecol\u00f3gicos.<\/p>\t\t\t\t\t\t\t\t<\/div>\n\t\t\t\t<\/div>\n\t\t\t\t<\/div>\n\t\t<div class=\"elementor-element elementor-element-37b3901 e-con-full e-flex e-con e-child\" data-id=\"37b3901\" data-element_type=\"container\" data-e-type=\"container\">\n\t\t\t\t<div class=\"elementor-element elementor-element-72d7a3e elementor-widget elementor-widget-image\" data-id=\"72d7a3e\" data-element_type=\"widget\" data-e-type=\"widget\" data-widget_type=\"image.default\">\n\t\t\t\t<div class=\"elementor-widget-container\">\n\t\t\t\t\t\t\t\t\t\t\t\t\t\t\t<img decoding=\"async\" width=\"1024\" height=\"842\" src=\"https:\/\/greenread.erasmus.site\/wp-content\/uploads\/2023\/11\/woman-holding-plant-icon-using-laptop-1024x842.jpg\" class=\"attachment-large size-large wp-image-119\" alt=\"\" srcset=\"https:\/\/greenread.erasmus.site\/wp-content\/uploads\/2023\/11\/woman-holding-plant-icon-using-laptop-1024x842.jpg 1024w, https:\/\/greenread.erasmus.site\/wp-content\/uploads\/2023\/11\/woman-holding-plant-icon-using-laptop-300x247.jpg 300w, https:\/\/greenread.erasmus.site\/wp-content\/uploads\/2023\/11\/woman-holding-plant-icon-using-laptop-768x632.jpg 768w, https:\/\/greenread.erasmus.site\/wp-content\/uploads\/2023\/11\/woman-holding-plant-icon-using-laptop-1536x1263.jpg 1536w, https:\/\/greenread.erasmus.site\/wp-content\/uploads\/2023\/11\/woman-holding-plant-icon-using-laptop-2048x1684.jpg 2048w, https:\/\/greenread.erasmus.site\/wp-content\/uploads\/2023\/11\/woman-holding-plant-icon-using-laptop-24x20.jpg 24w, https:\/\/greenread.erasmus.site\/wp-content\/uploads\/2023\/11\/woman-holding-plant-icon-using-laptop-36x30.jpg 36w, https:\/\/greenread.erasmus.site\/wp-content\/uploads\/2023\/11\/woman-holding-plant-icon-using-laptop-48x39.jpg 48w\" sizes=\"(max-width: 1024px) 100vw, 1024px\" \/>\t\t\t\t\t\t\t\t\t\t\t\t\t\t\t<\/div>\n\t\t\t\t<\/div>\n\t\t\t\t<\/div>\n\t\t\t\t\t<\/div>\n\t\t\t\t<\/div>\n\t\t\t\t<\/div>\n\t\t","protected":false},"excerpt":{"rendered":"<p>GREEN READ Tu carrera ecol\u00f3gica es nuestro futuro: Empleos verdes: preparaci\u00f3n profesional para los j\u00f3venes \u00c1mbito: Juventud N\u00famero de Proyecto: 2022-1-DE02-KA220-YOU-000085086Duraci\u00f3n del proyecto: 01.12.2022 &#8211; 30.11.2024 (24 months) GREEN READ prioridades La principal motivaci\u00f3n del proyecto es orientar a los j\u00f3venes, los centros de formaci\u00f3n profesional y t\u00e9cnica y las instituciones de ense\u00f1anza superior para&hellip;&nbsp;<a href=\"https:\/\/greenread.erasmus.site\/es\/\" rel=\"bookmark\">Leer m\u00e1s &raquo;<span class=\"screen-reader-text\">Inicio<\/span><\/a><\/p>\n","protected":false},"author":1,"featured_media":0,"parent":0,"menu_order":0,"comment_status":"closed","ping_status":"closed","template":"page-templates\/template-pagebuilder-full-width.php","meta":{"neve_meta_sidebar":"","neve_meta_container":"","neve_meta_enable_content_width":"off","neve_meta_content_width":100,"neve_meta_title_alignment":"","neve_meta_author_avatar":"","neve_post_elements_order":"","neve_meta_disable_header":"","neve_meta_disable_footer":"","neve_meta_disable_title":"on","footnotes":""},"class_list":["post-39","page","type-page","status-publish","hentry"],"_links":{"self":[{"href":"https:\/\/greenread.erasmus.site\/es\/wp-json\/wp\/v2\/pages\/39","targetHints":{"allow":["GET"]}}],"collection":[{"href":"https:\/\/greenread.erasmus.site\/es\/wp-json\/wp\/v2\/pages"}],"about":[{"href":"https:\/\/greenread.erasmus.site\/es\/wp-json\/wp\/v2\/types\/page"}],"author":[{"embeddable":true,"href":"https:\/\/greenread.erasmus.site\/es\/wp-json\/wp\/v2\/users\/1"}],"replies":[{"embeddable":true,"href":"https:\/\/greenread.erasmus.site\/es\/wp-json\/wp\/v2\/comments?post=39"}],"version-history":[{"count":50,"href":"https:\/\/greenread.erasmus.site\/es\/wp-json\/wp\/v2\/pages\/39\/revisions"}],"predecessor-version":[{"id":234,"href":"https:\/\/greenread.erasmus.site\/es\/wp-json\/wp\/v2\/pages\/39\/revisions\/234"}],"wp:attachment":[{"href":"https:\/\/greenread.erasmus.site\/es\/wp-json\/wp\/v2\/media?parent=39"}],"curies":[{"name":"wp","href":"https:\/\/api.w.org\/{rel}","templated":true}]}}