{"id":88,"date":"2023-11-02T13:29:01","date_gmt":"2023-11-02T13:29:01","guid":{"rendered":"https:\/\/greenread.erasmus.site\/?page_id=88"},"modified":"2023-12-05T18:09:07","modified_gmt":"2023-12-05T18:09:07","slug":"more-about-green-read","status":"publish","type":"page","link":"https:\/\/greenread.erasmus.site\/es\/more-about-green-read\/","title":{"rendered":"M\u00e1s informaci\u00f3n sobre GREEN READ"},"content":{"rendered":"<p><\/p>\n<p style=\"text-align: center;\"><strong>Introducci\u00f3n<\/strong><\/p>\n<p>El proyecto Green Read proporcionar\u00e1 una v\u00eda para que los centros de educaci\u00f3n y formaci\u00f3n profesional, la EFP, la EFTP y las instituciones de ense\u00f1anza superior mejoren la preparaci\u00f3n profesional de los j\u00f3venes de los pa\u00edses socios para los empleos verdes.<\/p>\n<p><strong>\u00bfCu\u00e1les son los objetivos de GREEN READ?<\/strong><\/p>\n<p>Los objetivos de GREEN READ incluyen:<\/p>\n<ul>\n<li>Apoyar las acciones de sensibilizaci\u00f3n de los j\u00f3venes en la transici\u00f3n hacia la econom\u00eda verde;<\/li>\n<li>Mejorar las habilidades y competencias necesarias de los j\u00f3venes para apoyar su propia carrera profesional en empleos verdes;<\/li>\n<li>Mejorar las aptitudes y competencias necesarias de los centros de formaci\u00f3n profesional y t\u00e9cnica y de las instituciones de ense\u00f1anza superior para apoyar el proceso de preparaci\u00f3n de los j\u00f3venes para una carrera profesional en el \u00e1mbito de los empleos verdes;<\/li>\n<li>apoyar a los principales grupos objetivo para convertirse en una econom\u00eda verde exitosa requiere necesidades consistentes de empleos verdes existentes en toda la UE;<\/li>\n<li>Apoyar la estimulaci\u00f3n de la transici\u00f3n de los j\u00f3venes hacia una econom\u00eda m\u00e1s verde;<\/li>\n<li>Apoyar a los centros de educaci\u00f3n y formaci\u00f3n profesional, a los centros de formaci\u00f3n t\u00e9cnica y profesional y a las instituciones de ense\u00f1anza superior para que adopten en sus planes de estudios actuales requisitos en materia de competencias que tengan en cuenta el medio ambiente,<\/li>\n<li>Apoyar a los centros de educaci\u00f3n y formaci\u00f3n profesional, a los centros de formaci\u00f3n t\u00e9cnica y profesional y a las instituciones de ense\u00f1anza superior para que incorporen a sus planes de estudios requisitos en materia de competencias que tengan en cuenta el medio ambiente.<\/li>\n<\/ul>\n<p style=\"text-align: center;\"><strong>Resultados del proyecto GREEN READ<\/strong><\/p>\n<p><strong>Fortalecimiento de la cooperaci\u00f3n<\/strong> entre los pa\u00edses socios mediante el desarrollo de una red formal basada en modelos estructurados de comunicaci\u00f3n y cooperaci\u00f3n.<\/p>\n<p><strong>Desarrollo<\/strong> de estrategias de respuesta de habilidades ecol\u00f3gicas para el informe de preparaci\u00f3n profesional para el empleo.<\/p>\n<p><strong>Producci\u00f3n <\/strong>de materiales digitales de formaci\u00f3n y sesiones de prueba de Green Read.<\/p>\n<p><strong>Mayor concienciaci\u00f3n<\/strong> de los organismos p\u00fablicos regionales, nacionales y europeos sobre la urgencia de facilitar la transici\u00f3n a la econom\u00eda verde y adoptar la legislaci\u00f3n de la UE.<\/p>\n<p style=\"text-align: center;\"><strong>Grupos objetivo<\/strong><\/p>\n<p>Los grupos objetivo de GREEN READ son<\/p>\n<p>TG1: J\u00f3venes que necesitan apoyo en su proceso de carrera profesional en empleos verdes.<\/p>\n<p>TG2: Centro Educativo para J\u00f3venes, FP, FPV e Universidades y sus formadores, profesores, educadores, tutores que trabajan en la preparaci\u00f3n para la carrera profesional y en temas relacionados con la econom\u00eda verde, espec\u00edficamente empleos verdes.<\/p>","protected":false},"excerpt":{"rendered":"<p>Introducci\u00f3n El proyecto Green Read proporcionar\u00e1 una v\u00eda para que los centros de educaci\u00f3n y formaci\u00f3n profesional, la EFP, la EFTP y las instituciones de ense\u00f1anza superior mejoren la preparaci\u00f3n profesional de los j\u00f3venes de los pa\u00edses socios para los empleos verdes. \u00bfCu\u00e1les son los objetivos de GREEN READ? Los objetivos de GREEN READ incluyen:&hellip;&nbsp;<a href=\"https:\/\/greenread.erasmus.site\/es\/more-about-green-read\/\" rel=\"bookmark\">Leer m\u00e1s &raquo;<span class=\"screen-reader-text\">M\u00e1s informaci\u00f3n sobre GREEN READ<\/span><\/a><\/p>\n","protected":false},"author":1,"featured_media":91,"parent":0,"menu_order":0,"comment_status":"closed","ping_status":"closed","template":"","meta":{"neve_meta_sidebar":"","neve_meta_container":"","neve_meta_enable_content_width":"off","neve_meta_content_width":100,"neve_meta_title_alignment":"","neve_meta_author_avatar":"","neve_post_elements_order":"","neve_meta_disable_header":"","neve_meta_disable_footer":"","neve_meta_disable_title":"","footnotes":""},"class_list":["post-88","page","type-page","status-publish","has-post-thumbnail","hentry"],"_links":{"self":[{"href":"https:\/\/greenread.erasmus.site\/es\/wp-json\/wp\/v2\/pages\/88","targetHints":{"allow":["GET"]}}],"collection":[{"href":"https:\/\/greenread.erasmus.site\/es\/wp-json\/wp\/v2\/pages"}],"about":[{"href":"https:\/\/greenread.erasmus.site\/es\/wp-json\/wp\/v2\/types\/page"}],"author":[{"embeddable":true,"href":"https:\/\/greenread.erasmus.site\/es\/wp-json\/wp\/v2\/users\/1"}],"replies":[{"embeddable":true,"href":"https:\/\/greenread.erasmus.site\/es\/wp-json\/wp\/v2\/comments?post=88"}],"version-history":[{"count":6,"href":"https:\/\/greenread.erasmus.site\/es\/wp-json\/wp\/v2\/pages\/88\/revisions"}],"predecessor-version":[{"id":235,"href":"https:\/\/greenread.erasmus.site\/es\/wp-json\/wp\/v2\/pages\/88\/revisions\/235"}],"wp:featuredmedia":[{"embeddable":true,"href":"https:\/\/greenread.erasmus.site\/es\/wp-json\/wp\/v2\/media\/91"}],"wp:attachment":[{"href":"https:\/\/greenread.erasmus.site\/es\/wp-json\/wp\/v2\/media?parent=88"}],"curies":[{"name":"wp","href":"https:\/\/api.w.org\/{rel}","templated":true}]}}