{"id":129,"date":"2023-11-02T18:32:10","date_gmt":"2023-11-02T18:32:10","guid":{"rendered":"https:\/\/greenread.erasmus.site\/?page_id=129"},"modified":"2024-12-11T12:28:59","modified_gmt":"2024-12-11T12:28:59","slug":"main-results","status":"publish","type":"page","link":"https:\/\/greenread.erasmus.site\/pl\/main-results\/","title":{"rendered":"G\u0142\u00f3wne rezultaty"},"content":{"rendered":"\t\t<div data-elementor-type=\"wp-page\" data-elementor-id=\"129\" class=\"elementor elementor-129\">\n\t\t\t\t<div class=\"elementor-element elementor-element-db35f7a e-flex e-con-boxed e-con e-parent\" data-id=\"db35f7a\" data-element_type=\"container\" data-e-type=\"container\">\n\t\t\t\t\t<div class=\"e-con-inner\">\n\t\t<div class=\"elementor-element elementor-element-0dc1d21 e-con-full e-flex e-con e-child\" data-id=\"0dc1d21\" data-element_type=\"container\" data-e-type=\"container\">\n\t\t\t\t<div class=\"elementor-element elementor-element-09b6610 elementor-widget elementor-widget-image\" data-id=\"09b6610\" data-element_type=\"widget\" data-e-type=\"widget\" data-widget_type=\"image.default\">\n\t\t\t\t<div class=\"elementor-widget-container\">\n\t\t\t\t\t\t\t\t\t\t\t\t\t\t\t\t<a href=\"https:\/\/greenread.erasmus.site\/green-skill-response-strategies-for-jobs-career-readiness-report\/\">\n\t\t\t\t\t\t\t<img fetchpriority=\"high\" decoding=\"async\" width=\"1024\" height=\"683\" src=\"https:\/\/greenread.erasmus.site\/wp-content\/uploads\/2023\/11\/young-businesswoman-giving-presentation-her-colleagues-business-meeting-1024x683.jpg\" class=\"attachment-large size-large wp-image-141\" alt=\"\" srcset=\"https:\/\/greenread.erasmus.site\/wp-content\/uploads\/2023\/11\/young-businesswoman-giving-presentation-her-colleagues-business-meeting-1024x683.jpg 1024w, https:\/\/greenread.erasmus.site\/wp-content\/uploads\/2023\/11\/young-businesswoman-giving-presentation-her-colleagues-business-meeting-300x200.jpg 300w, https:\/\/greenread.erasmus.site\/wp-content\/uploads\/2023\/11\/young-businesswoman-giving-presentation-her-colleagues-business-meeting-768x512.jpg 768w, https:\/\/greenread.erasmus.site\/wp-content\/uploads\/2023\/11\/young-businesswoman-giving-presentation-her-colleagues-business-meeting-1536x1024.jpg 1536w, https:\/\/greenread.erasmus.site\/wp-content\/uploads\/2023\/11\/young-businesswoman-giving-presentation-her-colleagues-business-meeting-2048x1365.jpg 2048w, https:\/\/greenread.erasmus.site\/wp-content\/uploads\/2023\/11\/young-businesswoman-giving-presentation-her-colleagues-business-meeting-930x620.jpg 930w, https:\/\/greenread.erasmus.site\/wp-content\/uploads\/2023\/11\/young-businesswoman-giving-presentation-her-colleagues-business-meeting-24x16.jpg 24w, https:\/\/greenread.erasmus.site\/wp-content\/uploads\/2023\/11\/young-businesswoman-giving-presentation-her-colleagues-business-meeting-36x24.jpg 36w, https:\/\/greenread.erasmus.site\/wp-content\/uploads\/2023\/11\/young-businesswoman-giving-presentation-her-colleagues-business-meeting-48x32.jpg 48w\" sizes=\"(max-width: 1024px) 100vw, 1024px\" \/>\t\t\t\t\t\t\t\t<\/a>\n\t\t\t\t\t\t\t\t\t\t\t\t\t\t\t<\/div>\n\t\t\t\t<\/div>\n\t\t\t\t<div class=\"elementor-element elementor-element-c828924 elementor-widget elementor-widget-heading\" data-id=\"c828924\" data-element_type=\"widget\" data-e-type=\"widget\" data-widget_type=\"heading.default\">\n\t\t\t\t<div class=\"elementor-widget-container\">\n\t\t\t\t\t<h2 class=\"elementor-heading-title elementor-size-large\"><a href=\"https:\/\/greenread.erasmus.site\/green-skill-response-strategies-for-jobs-career-readiness-report\/\">Strategie reagowania na umiej\u0119tno\u015bci ekologiczne dla miejsc pracy - Raport dotycz\u0105cy gotowo\u015bci do kariery zawodowej<\/a><\/h2>\t\t\t\t<\/div>\n\t\t\t\t<\/div>\n\t\t\t\t<\/div>\n\t\t<div class=\"elementor-element elementor-element-40d839a e-con-full e-flex e-con e-child\" data-id=\"40d839a\" data-element_type=\"container\" data-e-type=\"container\">\n\t\t\t\t<div class=\"elementor-element elementor-element-932b903 elementor-widget elementor-widget-image\" data-id=\"932b903\" data-element_type=\"widget\" data-e-type=\"widget\" data-widget_type=\"image.default\">\n\t\t\t\t<div class=\"elementor-widget-container\">\n\t\t\t\t\t\t\t\t\t\t\t\t\t\t\t<img decoding=\"async\" width=\"1024\" height=\"683\" src=\"https:\/\/greenread.erasmus.site\/wp-content\/uploads\/2023\/11\/overhead-portrait-young-people-with-laptops-smartphones-sitting-together-floor-students-writing-lectures-holding-textbooks-their-knees-1024x683.jpg\" class=\"attachment-large size-large wp-image-142\" alt=\"\" srcset=\"https:\/\/greenread.erasmus.site\/wp-content\/uploads\/2023\/11\/overhead-portrait-young-people-with-laptops-smartphones-sitting-together-floor-students-writing-lectures-holding-textbooks-their-knees-1024x683.jpg 1024w, https:\/\/greenread.erasmus.site\/wp-content\/uploads\/2023\/11\/overhead-portrait-young-people-with-laptops-smartphones-sitting-together-floor-students-writing-lectures-holding-textbooks-their-knees-300x200.jpg 300w, https:\/\/greenread.erasmus.site\/wp-content\/uploads\/2023\/11\/overhead-portrait-young-people-with-laptops-smartphones-sitting-together-floor-students-writing-lectures-holding-textbooks-their-knees-768x512.jpg 768w, https:\/\/greenread.erasmus.site\/wp-content\/uploads\/2023\/11\/overhead-portrait-young-people-with-laptops-smartphones-sitting-together-floor-students-writing-lectures-holding-textbooks-their-knees-1536x1024.jpg 1536w, https:\/\/greenread.erasmus.site\/wp-content\/uploads\/2023\/11\/overhead-portrait-young-people-with-laptops-smartphones-sitting-together-floor-students-writing-lectures-holding-textbooks-their-knees-2048x1365.jpg 2048w, https:\/\/greenread.erasmus.site\/wp-content\/uploads\/2023\/11\/overhead-portrait-young-people-with-laptops-smartphones-sitting-together-floor-students-writing-lectures-holding-textbooks-their-knees-930x620.jpg 930w, https:\/\/greenread.erasmus.site\/wp-content\/uploads\/2023\/11\/overhead-portrait-young-people-with-laptops-smartphones-sitting-together-floor-students-writing-lectures-holding-textbooks-their-knees-24x16.jpg 24w, https:\/\/greenread.erasmus.site\/wp-content\/uploads\/2023\/11\/overhead-portrait-young-people-with-laptops-smartphones-sitting-together-floor-students-writing-lectures-holding-textbooks-their-knees-36x24.jpg 36w, https:\/\/greenread.erasmus.site\/wp-content\/uploads\/2023\/11\/overhead-portrait-young-people-with-laptops-smartphones-sitting-together-floor-students-writing-lectures-holding-textbooks-their-knees-48x32.jpg 48w\" sizes=\"(max-width: 1024px) 100vw, 1024px\" \/>\t\t\t\t\t\t\t\t\t\t\t\t\t\t\t<\/div>\n\t\t\t\t<\/div>\n\t\t\t\t<div class=\"elementor-element elementor-element-1454521 elementor-widget elementor-widget-heading\" data-id=\"1454521\" data-element_type=\"widget\" data-e-type=\"widget\" data-widget_type=\"heading.default\">\n\t\t\t\t<div class=\"elementor-widget-container\">\n\t\t\t\t\t<h2 class=\"elementor-heading-title elementor-size-large\"><a href=\"\/platform\">Cyfrowe materia\u0142y szkoleniowe Green Read i sesje pr\u00f3bne<\/a><\/h2>\t\t\t\t<\/div>\n\t\t\t\t<\/div>\n\t\t<div class=\"elementor-element elementor-element-1dd0fe9 e-grid e-con-full e-con e-child\" data-id=\"1dd0fe9\" data-element_type=\"container\" data-e-type=\"container\">\n\t\t\t\t<div class=\"elementor-element elementor-element-a5b6b88 elementor-align-center elementor-widget elementor-widget-button\" data-id=\"a5b6b88\" data-element_type=\"widget\" data-e-type=\"widget\" data-widget_type=\"button.default\">\n\t\t\t\t<div class=\"elementor-widget-container\">\n\t\t\t\t\t\t\t\t\t<div class=\"elementor-button-wrapper\">\n\t\t\t\t\t<a class=\"elementor-button elementor-button-link elementor-size-sm\" href=\"\/platform\" target=\"_blank\">\n\t\t\t\t\t\t<span class=\"elementor-button-content-wrapper\">\n\t\t\t\t\t\t\t\t\t<span class=\"elementor-button-text\">Cyfrowe materia\u0142y szkoleniowe Green Read<\/span>\n\t\t\t\t\t<\/span>\n\t\t\t\t\t<\/a>\n\t\t\t\t<\/div>\n\t\t\t\t\t\t\t\t<\/div>\n\t\t\t\t<\/div>\n\t\t\t\t<div class=\"elementor-element elementor-element-9194c51 elementor-align-center elementor-widget elementor-widget-button\" data-id=\"9194c51\" data-element_type=\"widget\" data-e-type=\"widget\" data-widget_type=\"button.default\">\n\t\t\t\t<div class=\"elementor-widget-container\">\n\t\t\t\t\t\t\t\t\t<div class=\"elementor-button-wrapper\">\n\t\t\t\t\t<a class=\"elementor-button elementor-button-link elementor-size-sm\" href=\"https:\/\/greenread.erasmus.site\/wp-content\/uploads\/2024\/12\/GREEN-READ-WP3-common-report_PL.pdf\" target=\"_blank\" download=\"\">\n\t\t\t\t\t\t<span class=\"elementor-button-content-wrapper\">\n\t\t\t\t\t\t\t\t\t<span class=\"elementor-button-text\">Sesje pr\u00f3bne<\/span>\n\t\t\t\t\t<\/span>\n\t\t\t\t\t<\/a>\n\t\t\t\t<\/div>\n\t\t\t\t\t\t\t\t<\/div>\n\t\t\t\t<\/div>\n\t\t\t\t<\/div>\n\t\t\t\t<\/div>\n\t\t\t\t\t<\/div>\n\t\t\t\t<\/div>\n\t\t\t\t<\/div>\n\t\t","protected":false},"excerpt":{"rendered":"<p>Strategie reagowania na umiej\u0119tno\u015bci ekologiczne dla miejsc pracy &#8211; Raport dotycz\u0105cy gotowo\u015bci do kariery zawodowej Cyfrowe materia\u0142y szkoleniowe Green Read i sesje pr\u00f3bne Cyfrowe materia\u0142y szkoleniowe Green Read Sesje pr\u00f3bne<\/p>\n","protected":false},"author":1,"featured_media":91,"parent":0,"menu_order":0,"comment_status":"closed","ping_status":"closed","template":"page-templates\/template-pagebuilder-full-width.php","meta":{"neve_meta_sidebar":"","neve_meta_container":"","neve_meta_enable_content_width":"off","neve_meta_content_width":100,"neve_meta_title_alignment":"","neve_meta_author_avatar":"","neve_post_elements_order":"","neve_meta_disable_header":"","neve_meta_disable_footer":"","neve_meta_disable_title":"","footnotes":""},"class_list":["post-129","page","type-page","status-publish","has-post-thumbnail","hentry"],"_links":{"self":[{"href":"https:\/\/greenread.erasmus.site\/pl\/wp-json\/wp\/v2\/pages\/129","targetHints":{"allow":["GET"]}}],"collection":[{"href":"https:\/\/greenread.erasmus.site\/pl\/wp-json\/wp\/v2\/pages"}],"about":[{"href":"https:\/\/greenread.erasmus.site\/pl\/wp-json\/wp\/v2\/types\/page"}],"author":[{"embeddable":true,"href":"https:\/\/greenread.erasmus.site\/pl\/wp-json\/wp\/v2\/users\/1"}],"replies":[{"embeddable":true,"href":"https:\/\/greenread.erasmus.site\/pl\/wp-json\/wp\/v2\/comments?post=129"}],"version-history":[{"count":67,"href":"https:\/\/greenread.erasmus.site\/pl\/wp-json\/wp\/v2\/pages\/129\/revisions"}],"predecessor-version":[{"id":358,"href":"https:\/\/greenread.erasmus.site\/pl\/wp-json\/wp\/v2\/pages\/129\/revisions\/358"}],"wp:featuredmedia":[{"embeddable":true,"href":"https:\/\/greenread.erasmus.site\/pl\/wp-json\/wp\/v2\/media\/91"}],"wp:attachment":[{"href":"https:\/\/greenread.erasmus.site\/pl\/wp-json\/wp\/v2\/media?parent=129"}],"curies":[{"name":"wp","href":"https:\/\/api.w.org\/{rel}","templated":true}]}}