{"id":245,"date":"2023-12-19T11:36:18","date_gmt":"2023-12-19T11:36:18","guid":{"rendered":"https:\/\/greenread.erasmus.site\/?page_id=245"},"modified":"2023-12-19T12:02:20","modified_gmt":"2023-12-19T12:02:20","slug":"green-skill-response-strategies-for-jobs-career-readiness-report","status":"publish","type":"page","link":"https:\/\/greenread.erasmus.site\/pl\/green-skill-response-strategies-for-jobs-career-readiness-report\/","title":{"rendered":"Strategie reagowania na umiej\u0119tno\u015bci ekologiczne dla miejsc pracy &#8211; Raport dotycz\u0105cy gotowo\u015bci do kariery zawodowej"},"content":{"rendered":"<p>Raport w ramach drugiej paczki pracy powsta\u0142 w celu oceny strategii i program\u00f3w szkoleniowych w zakresie umiej\u0119tno\u015bci \u015brodowiskowych dla m\u0142odych os\u00f3b, przedstawicieli kszta\u0142cenia i szkolenia zawodowego oraz technicznego, i instytucji szkolnictwa wy\u017cszego.<br \/>\nRezultat ten obejmuje dog\u0142\u0119bn\u0105 analiz\u0119 obecnej sytuacji w krajach partnerskich w zakresie zielonych umiej\u0119tno\u015bci w edukacji i dostarcza wskaz\u00f3wek, w jaki spos\u00f3b rozpocz\u0105\u0107 identyfikacj\u0119 obecnych i przysz\u0142ych umiej\u0119tno\u015bci \u015brodowiskowych potrzebnych dla nowej zielonej gospodarki i zielonych miejsc pracy.<br \/>\nPartnerzy opracowali dwa szczeg\u00f3\u0142owe kwestionariusze dla m\u0142odzie\u017cy i nauczycieli, kt\u00f3re zosta\u0142y rozes\u0142ane do przedstawicieli obu grup docelowych w krajach partnerskich. Wyniki tych kwestionariuszy zosta\u0142y zebrane w raportach krajowych i ostatecznie we wsp\u00f3lnym raporcie dost\u0119pnym tutaj we wszystkich j\u0119zykach partnerstwa.<br \/>\nMo\u017cliwe jest r\u00f3wnie\u017c przegl\u0105danie raport\u00f3w krajowych w j\u0119zyku angielskim.<br \/>\nZ analizy danych mo\u017cna wyci\u0105gn\u0105\u0107 nast\u0119puj\u0105ce og\u00f3lne wnioski:<\/p>\n<p>\u0141\u0105cznie 199 respondent\u00f3w wzi\u0119\u0142o udzia\u0142 w ankiecie podzielonej w nast\u0119puj\u0105cy spos\u00f3b wed\u0142ug r\u00f3\u017cnych kraj\u00f3w:<\/p>\n<p>Niemcy: 11 respondent\u00f3w<\/p>\n<p>Polska: 46 respondent\u00f3w<\/p>\n<p>Hiszpania: 47 respondent\u00f3w<\/p>\n<p>Turcja: 50 respondent\u00f3w<\/p>\n<p>W\u0142ochy: 45 respondent\u00f3w<\/p>\n<p>Okaza\u0142o si\u0119, \u017ce:<br \/>\nWe wszystkich badanych krajach istnieje potrzeba podnoszenia \u015bwiadomo\u015bci i edukacji w zakresie zielonych umiej\u0119tno\u015bci w celu promowania zielonych miejsc pracy na rzecz zr\u00f3wnowa\u017conej przysz\u0142o\u015bci.<\/p>\n<p>Instytucje edukacyjne musz\u0105 nada\u0107 priorytet kwestiom \u015brodowiskowym, zaktualizowa\u0107 programy nauczania i zapewni\u0107 skuteczne strategie rozwijania umiej\u0119tno\u015bci ekologicznych w\u015br\u00f3d nauczycieli i os\u00f3b ucz\u0105cych si\u0119.<\/p>\n<p>Istnieje zapotrzebowanie na instytucje k\u0142ad\u0105ce wi\u0119kszy nacisk na kwestie \u015brodowiskowe i przygotowanie do zielonej kariery, aby sprosta\u0107 wymaganiom ekologicznej gospodarki.<\/p>\n<p>R\u00f3\u017cne podej\u015bcia szkoleniowe, w tym seminaria, kursy online i szkoleniowcy zewn\u0119trzni, mog\u0105 przyczyni\u0107 si\u0119 do rozwoju zielonych umiej\u0119tno\u015bci.<\/p>\n<p>Organizacje powinny skupi\u0107 si\u0119 na w\u0142\u0105czeniu zielonych umiej\u0119tno\u015bci do swoich program\u00f3w szkoleniowych i program\u00f3w nauczania, aby sprosta\u0107 wyzwaniom zielonej gospodarki.<\/p>\n<p>Og\u00f3lnie rzecz bior\u0105c, badania podkre\u015blaj\u0105 znaczenie promowania zielonych miejsc pracy i umiej\u0119tno\u015bci w instytucjach edukacyjnych w celu zapewnienia wykwalifikowanej si\u0142y roboczej na rzecz bardziej zr\u00f3wnowa\u017conej i przyjaznej dla \u015brodowiska przysz\u0142o\u015bci.<\/p>\n<p>\r\n<!--change the width and height value as you want.--> \r\n<!-- Do change \"index.htm\" to your real html name of the flippingbook--> \r\n<iframe  style=\"width:100%;height:650px\"  src=\"https:\/\/greenread.erasmus.site\/wp-content\/uploads\/flipbook\/3\/book.html\"  seamless=\"seamless\" scrolling=\"no\" frameborder=\"0\" allowtransparency=\"true\" allowfullscreen mozallowfullscreen  webkitallowfullscreen ><\/iframe>\r\n<br \/>\n<\/p>\n<p style=\"text-align: center;\"><a class=\"btn btn-primary btn-lg active\" role=\"button\" href=\"https:\/\/greenread.erasmus.site\/wp-content\/uploads\/2023\/12\/PL_Raport-Green-Read.pdf\" target=\"_blank\" rel=\"noopener\" aria-pressed=\"true\">Download<\/a><\/p>\n<p><\/p>","protected":false},"excerpt":{"rendered":"<p>Raport w ramach drugiej paczki pracy powsta\u0142 w celu oceny strategii i program\u00f3w szkoleniowych w zakresie umiej\u0119tno\u015bci \u015brodowiskowych dla m\u0142odych os\u00f3b, przedstawicieli kszta\u0142cenia i szkolenia zawodowego oraz technicznego, i instytucji szkolnictwa wy\u017cszego. Rezultat ten obejmuje dog\u0142\u0119bn\u0105 analiz\u0119 obecnej sytuacji w krajach partnerskich w zakresie zielonych umiej\u0119tno\u015bci w edukacji i dostarcza wskaz\u00f3wek, w jaki spos\u00f3b rozpocz\u0105\u0107&hellip;&nbsp;<a href=\"https:\/\/greenread.erasmus.site\/pl\/green-skill-response-strategies-for-jobs-career-readiness-report\/\" rel=\"bookmark\">Dowiedz si\u0119 wi\u0119cej &raquo;<span class=\"screen-reader-text\">Strategie reagowania na umiej\u0119tno\u015bci ekologiczne dla miejsc pracy &#8211; Raport dotycz\u0105cy gotowo\u015bci do kariery zawodowej<\/span><\/a><\/p>\n","protected":false},"author":1,"featured_media":91,"parent":0,"menu_order":0,"comment_status":"closed","ping_status":"closed","template":"","meta":{"neve_meta_sidebar":"","neve_meta_container":"","neve_meta_enable_content_width":"off","neve_meta_content_width":100,"neve_meta_title_alignment":"","neve_meta_author_avatar":"","neve_post_elements_order":"","neve_meta_disable_header":"","neve_meta_disable_footer":"","neve_meta_disable_title":"","footnotes":""},"class_list":["post-245","page","type-page","status-publish","has-post-thumbnail","hentry"],"_links":{"self":[{"href":"https:\/\/greenread.erasmus.site\/pl\/wp-json\/wp\/v2\/pages\/245","targetHints":{"allow":["GET"]}}],"collection":[{"href":"https:\/\/greenread.erasmus.site\/pl\/wp-json\/wp\/v2\/pages"}],"about":[{"href":"https:\/\/greenread.erasmus.site\/pl\/wp-json\/wp\/v2\/types\/page"}],"author":[{"embeddable":true,"href":"https:\/\/greenread.erasmus.site\/pl\/wp-json\/wp\/v2\/users\/1"}],"replies":[{"embeddable":true,"href":"https:\/\/greenread.erasmus.site\/pl\/wp-json\/wp\/v2\/comments?post=245"}],"version-history":[{"count":5,"href":"https:\/\/greenread.erasmus.site\/pl\/wp-json\/wp\/v2\/pages\/245\/revisions"}],"predecessor-version":[{"id":257,"href":"https:\/\/greenread.erasmus.site\/pl\/wp-json\/wp\/v2\/pages\/245\/revisions\/257"}],"wp:featuredmedia":[{"embeddable":true,"href":"https:\/\/greenread.erasmus.site\/pl\/wp-json\/wp\/v2\/media\/91"}],"wp:attachment":[{"href":"https:\/\/greenread.erasmus.site\/pl\/wp-json\/wp\/v2\/media?parent=245"}],"curies":[{"name":"wp","href":"https:\/\/api.w.org\/{rel}","templated":true}]}}