{"id":52,"date":"2023-11-02T13:14:04","date_gmt":"2023-11-02T13:14:04","guid":{"rendered":"https:\/\/greenread.erasmus.site\/?page_id=52"},"modified":"2023-12-05T13:39:08","modified_gmt":"2023-12-05T13:39:08","slug":"partnership","status":"publish","type":"page","link":"https:\/\/greenread.erasmus.site\/pl\/partnership\/","title":{"rendered":"Partnerstwo"},"content":{"rendered":"<p><\/p>\n<p style=\"text-align: center;\">Jeste\u015bmy 6 Partnerami z 6 kraj\u00f3w: W\u0142och, Polski, Niemiec, Hiszpanii, Czech i Turcji.<\/p>\n<p><div class=\"h5p-iframe-wrapper\"><iframe id=\"h5p-iframe-3\" class=\"h5p-iframe\" data-content-id=\"3\" style=\"height:1px\" src=\"about:blank\" frameBorder=\"0\" scrolling=\"no\" title=\"Partners_PL\"><\/iframe><\/div><\/p>","protected":false},"excerpt":{"rendered":"<p>Jeste\u015bmy 6 Partnerami z 6 kraj\u00f3w: W\u0142och, Polski, Niemiec, Hiszpanii, Czech i Turcji.<\/p>\n","protected":false},"author":1,"featured_media":91,"parent":0,"menu_order":0,"comment_status":"closed","ping_status":"closed","template":"","meta":{"neve_meta_sidebar":"","neve_meta_container":"","neve_meta_enable_content_width":"off","neve_meta_content_width":100,"neve_meta_title_alignment":"","neve_meta_author_avatar":"","neve_post_elements_order":"","neve_meta_disable_header":"","neve_meta_disable_footer":"","neve_meta_disable_title":"","footnotes":""},"class_list":["post-52","page","type-page","status-publish","has-post-thumbnail","hentry"],"_links":{"self":[{"href":"https:\/\/greenread.erasmus.site\/pl\/wp-json\/wp\/v2\/pages\/52","targetHints":{"allow":["GET"]}}],"collection":[{"href":"https:\/\/greenread.erasmus.site\/pl\/wp-json\/wp\/v2\/pages"}],"about":[{"href":"https:\/\/greenread.erasmus.site\/pl\/wp-json\/wp\/v2\/types\/page"}],"author":[{"embeddable":true,"href":"https:\/\/greenread.erasmus.site\/pl\/wp-json\/wp\/v2\/users\/1"}],"replies":[{"embeddable":true,"href":"https:\/\/greenread.erasmus.site\/pl\/wp-json\/wp\/v2\/comments?post=52"}],"version-history":[{"count":8,"href":"https:\/\/greenread.erasmus.site\/pl\/wp-json\/wp\/v2\/pages\/52\/revisions"}],"predecessor-version":[{"id":155,"href":"https:\/\/greenread.erasmus.site\/pl\/wp-json\/wp\/v2\/pages\/52\/revisions\/155"}],"wp:featuredmedia":[{"embeddable":true,"href":"https:\/\/greenread.erasmus.site\/pl\/wp-json\/wp\/v2\/media\/91"}],"wp:attachment":[{"href":"https:\/\/greenread.erasmus.site\/pl\/wp-json\/wp\/v2\/media?parent=52"}],"curies":[{"name":"wp","href":"https:\/\/api.w.org\/{rel}","templated":true}]}}