{"id":88,"date":"2023-11-02T13:29:01","date_gmt":"2023-11-02T13:29:01","guid":{"rendered":"https:\/\/greenread.erasmus.site\/?page_id=88"},"modified":"2023-12-05T18:09:07","modified_gmt":"2023-12-05T18:09:07","slug":"more-about-green-read","status":"publish","type":"page","link":"https:\/\/greenread.erasmus.site\/pl\/more-about-green-read\/","title":{"rendered":"Wi\u0119cej o GREEN READ"},"content":{"rendered":"<p><\/p>\n<p style=\"text-align: center;\"><strong>Wprowadzenie<\/strong><\/p>\n<p>Projekt Green Read zapewni \u015bcie\u017ck\u0119 dla m\u0142odych os\u00f3b, przedstawicieli kszta\u0142cenia i szkolenia zawodowego oraz technicznego, i instytucji szkolnictwa wy\u017cszego w celu poprawy gotowo\u015bci m\u0142odych ludzi w krajach partnerskich do kariery w zielonych miejscach pracy.<\/p>\n<p><strong><em>Jakie s\u0105 cele programu GREEN READ?<\/em><\/strong><\/p>\n<p>Cele GREEN READ to:<\/p>\n<ul>\n<li>Poprawa niezb\u0119dnych zielonych umiej\u0119tno\u015bci i kompetencji wspomnianych wy\u017cej grup docelowych;<\/li>\n<li>Wspieranie dzia\u0142a\u0144 podnosz\u0105cych \u015bwiadomo\u015b\u0107 m\u0142odych ludzi w zakresie przej\u015bcia na zielon\u0105 gospodark\u0119;<\/li>\n<li>Poprawa niezb\u0119dnych umiej\u0119tno\u015bci i kompetencji m\u0142odych ludzi w celu wspierania ich w\u0142asnej kariery w zakresie zielonych miejsc pracy;<\/li>\n<li>Wspieranie g\u0142\u00f3wnych grup docelowych w celu osi\u0105gni\u0119cia sukcesu w zielonej gospodarce z uwzgl\u0119dnieniem sp\u00f3jnych potrzeb istniej\u0105cych zielonych miejsc pracy w ca\u0142ej UE;<\/li>\n<li>Wspieranie stymulacji przej\u015bcia m\u0142odych ludzi w kierunku bardziej ekologicznej gospodarki<\/li>\n<li>Wyja\u015bnienie, w jaki spos\u00f3b przedstawiciele grup docelowych mog\u0105 by\u0107 w stanie poradzi\u0107 sobie z widocznym niedoborem umiej\u0119tno\u015bci zawodowych w oparciu o gotowo\u015b\u0107 m\u0142odych ludzi do kariery w zielonych miejscach pracy;<\/li>\n<li>Wspieranie przedstawicieli edukacji w celu przyj\u0119cia w ich obecnych programach nauczania umiej\u0119tno\u015bci odpowiadaj\u0105cych wymogom \u015brodowiskowym;<\/li>\n<li>Wspieranie przedstawicieli edukacji w celu przyj\u0119cia w ich obecnych programach nauczania umiej\u0119tno\u015bci odpowiadaj\u0105cych wymogom \u015brodowiskowym.<\/li>\n<\/ul>\n<p style=\"text-align: center;\"><strong>Rezultaty projektu GREEN READ<\/strong><\/p>\n<p><strong>Wzmocnienie wsp\u00f3\u0142pracy<\/strong> mi\u0119dzy krajami partnerskimi poprzez rozw\u00f3j formalnej sieci opartej na ustrukturyzowanych modelach komunikacji i wsp\u00f3\u0142pracy.<\/p>\n<p><strong>Opracowanie<\/strong> Strategii Reagowania na Zielone Umiej\u0119tno\u015bci na potrzeby Raportu Gotowo\u015bci Zawodowej.<\/p>\n<p><strong>Opracowanie<\/strong> Strategii Reagowania na Zielone Umiej\u0119tno\u015bci na potrzeby Raportu Gotowo\u015bci Zawodowej.<\/p>\n<p><strong>Zwi\u0119kszenie \u015bwiadomo\u015bci<\/strong> publicznych organ\u00f3w regionalnych, krajowych i europejskich na temat pilnej potrzeby u\u0142atwienia przej\u015bcia na zielon\u0105 gospodark\u0119 i przyj\u0119cia przepis\u00f3w UE.<\/p>\n<p style=\"text-align: center;\"><strong>Grupy docelowe<\/strong><\/p>\n<p>Grupy docelowe GREEN READ to:<\/p>\n<p>TG1: M\u0142odzi ludzie, kt\u00f3rzy potrzebuj\u0105 wsparcia w procesie kariery zwi\u0105zanym z zielonymi miejscami pracy.<\/p>\n<p>TG2: YEC, VET, TVET i HEI oraz ich trenerzy, nauczyciele, edukatorzy, opiekunowie, kt\u00f3rzy pracuj\u0105 nad gotowo\u015bci\u0105 zawodow\u0105 i kwestiami zwi\u0105zanymi z zielon\u0105 gospodark\u0105, w szczeg\u00f3lno\u015bci zielonymi miejscami pracy.<\/p>","protected":false},"excerpt":{"rendered":"<p>Wprowadzenie Projekt Green Read zapewni \u015bcie\u017ck\u0119 dla m\u0142odych os\u00f3b, przedstawicieli kszta\u0142cenia i szkolenia zawodowego oraz technicznego, i instytucji szkolnictwa wy\u017cszego w celu poprawy gotowo\u015bci m\u0142odych ludzi w krajach partnerskich do kariery w zielonych miejscach pracy. Jakie s\u0105 cele programu GREEN READ? Cele GREEN READ to: Poprawa niezb\u0119dnych zielonych umiej\u0119tno\u015bci i kompetencji wspomnianych wy\u017cej grup docelowych;&hellip;&nbsp;<a href=\"https:\/\/greenread.erasmus.site\/pl\/more-about-green-read\/\" rel=\"bookmark\">Dowiedz si\u0119 wi\u0119cej &raquo;<span class=\"screen-reader-text\">Wi\u0119cej o GREEN READ<\/span><\/a><\/p>\n","protected":false},"author":1,"featured_media":91,"parent":0,"menu_order":0,"comment_status":"closed","ping_status":"closed","template":"","meta":{"neve_meta_sidebar":"","neve_meta_container":"","neve_meta_enable_content_width":"off","neve_meta_content_width":100,"neve_meta_title_alignment":"","neve_meta_author_avatar":"","neve_post_elements_order":"","neve_meta_disable_header":"","neve_meta_disable_footer":"","neve_meta_disable_title":"","footnotes":""},"class_list":["post-88","page","type-page","status-publish","has-post-thumbnail","hentry"],"_links":{"self":[{"href":"https:\/\/greenread.erasmus.site\/pl\/wp-json\/wp\/v2\/pages\/88","targetHints":{"allow":["GET"]}}],"collection":[{"href":"https:\/\/greenread.erasmus.site\/pl\/wp-json\/wp\/v2\/pages"}],"about":[{"href":"https:\/\/greenread.erasmus.site\/pl\/wp-json\/wp\/v2\/types\/page"}],"author":[{"embeddable":true,"href":"https:\/\/greenread.erasmus.site\/pl\/wp-json\/wp\/v2\/users\/1"}],"replies":[{"embeddable":true,"href":"https:\/\/greenread.erasmus.site\/pl\/wp-json\/wp\/v2\/comments?post=88"}],"version-history":[{"count":6,"href":"https:\/\/greenread.erasmus.site\/pl\/wp-json\/wp\/v2\/pages\/88\/revisions"}],"predecessor-version":[{"id":235,"href":"https:\/\/greenread.erasmus.site\/pl\/wp-json\/wp\/v2\/pages\/88\/revisions\/235"}],"wp:featuredmedia":[{"embeddable":true,"href":"https:\/\/greenread.erasmus.site\/pl\/wp-json\/wp\/v2\/media\/91"}],"wp:attachment":[{"href":"https:\/\/greenread.erasmus.site\/pl\/wp-json\/wp\/v2\/media?parent=88"}],"curies":[{"name":"wp","href":"https:\/\/api.w.org\/{rel}","templated":true}]}}