{"id":88,"date":"2023-11-02T13:29:01","date_gmt":"2023-11-02T13:29:01","guid":{"rendered":"https:\/\/greenread.erasmus.site\/?page_id=88"},"modified":"2023-12-05T18:09:07","modified_gmt":"2023-12-05T18:09:07","slug":"more-about-green-read","status":"publish","type":"page","link":"https:\/\/greenread.erasmus.site\/tr\/more-about-green-read\/","title":{"rendered":"GREEN READ Hakk\u0131nda Daha Fazla Bilgi"},"content":{"rendered":"<p><\/p>\n<p style=\"text-align: center;\"><strong>Giri\u015f <\/strong><\/p>\n<p>Green Read projesi, ortak \u00fclkelerdeki gen\u00e7lerin ye\u015fil i\u015flere kariyer haz\u0131rl\u0131\u011f\u0131n\u0131 geli\u015ftirmek i\u00e7in GEM&#8217;leri (YEC), Mesleki E\u011fitim ve \u00d6\u011fretim Kurumlar\u0131, TVET&#8217;ler ve Y\u00fcksek \u00d6\u011fretim Kurumlar\u0131 (HEI) i\u00e7in bir yol sa\u011flayacakt\u0131r.<\/p>\n<p>GREEN READ&#8217;in hedefleri nelerdir?<\/p>\n<p>GREEN READ hedefleri \u015funlar\u0131 i\u00e7erir:<\/p>\n<ul>\n<li>Ye\u015fil ekonomiye ge\u00e7i\u015fte gen\u00e7lere y\u00f6nelik fark\u0131ndal\u0131k art\u0131rma faaliyetlerini desteklemek;<\/li>\n<li>Kendi ye\u015fil i\u015f kariyerlerini desteklemek i\u00e7in gen\u00e7lerin gerekli beceri ve yeterliliklerini geli\u015ftirmek;<\/li>\n<li>Gen\u00e7lerin ye\u015fil i\u015f kariyerine haz\u0131rl\u0131k s\u00fcrecini desteklemek i\u00e7in YEC&#8217;lerin, Mesleki E\u011fitim ve \u00d6\u011fretim Kurumlar\u0131n\u0131n, TVET&#8217;lerin ve HEI&#8217;lerin gerekli beceri ve yeterliliklerini geli\u015ftirmek;<\/li>\n<li>Ba\u015far\u0131l\u0131 bir ye\u015fil ekonomi haline d\u00f6n\u00fc\u015fmek i\u00e7in ana hedef gruplar\u0131n\u0131 desteklemek ve AB genelinde mevcut ye\u015fil i\u015flerin tutarl\u0131 ihtiya\u00e7lar\u0131n\u0131 sunmak;<\/li>\n<li>Gen\u00e7lerin daha ye\u015fil bir ekonomiye ge\u00e7i\u015finin te\u015fvik edilmesini desteklemek;<\/li>\n<li>Gen\u00e7lerin daha ye\u015fil bir ekonomiye ge\u00e7i\u015finin te\u015fvik edilmesini desteklemek;<\/li>\n<li>Gen\u00e7lerin daha ye\u015fil bir ekonomiye ge\u00e7i\u015finin te\u015fvik edilmesini desteklemek,<\/li>\n<li>Mevcut m\u00fcfredatlar\u0131nda \u00e7evre odakl\u0131 beceri gereksinimlerine cevap verebilmeleri i\u00e7in YEC&#8217;leri, VET&#8217;leri, TVET&#8217;leri ve HEI&#8217;leri desteklemek,<\/li>\n<li>Mevcut m\u00fcfredatlar\u0131nda \u00e7evre odakl\u0131 beceri gereksinimlerine cevap verebilmeleri i\u00e7in YEC&#8217;leri, VET&#8217;leri, TVET&#8217;leri ve HEI&#8217;leri desteklemek.<\/li>\n<\/ul>\n<p style=\"text-align: center;\"><strong>GREEN READ Proje Sonu\u00e7lar\u0131 <\/strong><\/p>\n<p><strong>Yap\u0131land\u0131r\u0131lm\u0131\u015f ileti\u015fim ve i\u015fbirli\u011fi<\/strong> modellerine dayal\u0131 resmi bir a\u011f\u0131n geli\u015ftirilmesi yoluyla ortak \u00fclkeler aras\u0131ndaki i\u015fbirli\u011finin g\u00fc\u00e7lendirilmesi.<\/p>\n<p>\u0130\u015f Kariyerine Haz\u0131rl\u0131k Raporu i\u00e7in Ye\u015fil Beceri Yan\u0131t Stratejilerinin <strong>Geli\u015ftirilmesi.<\/strong><\/p>\n<p>Green Read Dijital E\u011fitim Materyallerinin ve Deneme Oturumlar\u0131n\u0131n <strong>\u00dcretilmesi.<\/strong><\/p>\n<p>Ye\u015fil ekonomiye ge\u00e7i\u015fin kolayla\u015ft\u0131r\u0131lmas\u0131 ve AB mevzuat\u0131n\u0131n benimsenmesinin aciliyeti konusunda b\u00f6lgesel, ulusal ve Avrupa&#8217;daki kamu kurumlar\u0131n\u0131n <strong>fark\u0131ndal\u0131\u011f\u0131n\u0131n art\u0131r\u0131lmas\u0131.<\/strong><\/p>\n<p style=\"text-align: center;\"><strong>Hedef Kitle <\/strong><\/p>\n<p>GREEN READ hedef gruplar\u0131 \u015funlard\u0131r:<\/p>\n<p>HK1: Ye\u015fil i\u015fler kariyer s\u00fcrecinde deste\u011fe ihtiya\u00e7 duyan gen\u00e7ler.<\/p>\n<p>HK2: YEC&#8217;ler, VET&#8217;ler, TVET&#8217;ler ve HEI&#8217;ler ve bunlar\u0131n e\u011fitmenleri, \u00f6\u011fretmenleri, e\u011fitmenleri, kariyer haz\u0131rl\u0131\u011f\u0131 ve ye\u015fil ekonomi ile ilgili konularda, \u00f6zellikle ye\u015fil i\u015fler konusunda \u00e7al\u0131\u015fan \u00f6\u011fretmenler.<\/p>","protected":false},"excerpt":{"rendered":"<p>Giri\u015f Green Read projesi, ortak \u00fclkelerdeki gen\u00e7lerin ye\u015fil i\u015flere kariyer haz\u0131rl\u0131\u011f\u0131n\u0131 geli\u015ftirmek i\u00e7in GEM&#8217;leri (YEC), Mesleki E\u011fitim ve \u00d6\u011fretim Kurumlar\u0131, TVET&#8217;ler ve Y\u00fcksek \u00d6\u011fretim Kurumlar\u0131 (HEI) i\u00e7in bir yol sa\u011flayacakt\u0131r. GREEN READ&#8217;in hedefleri nelerdir? GREEN READ hedefleri \u015funlar\u0131 i\u00e7erir: Ye\u015fil ekonomiye ge\u00e7i\u015fte gen\u00e7lere y\u00f6nelik fark\u0131ndal\u0131k art\u0131rma faaliyetlerini desteklemek; Kendi ye\u015fil i\u015f kariyerlerini desteklemek i\u00e7in gen\u00e7lerin&hellip;&nbsp;<a href=\"https:\/\/greenread.erasmus.site\/tr\/more-about-green-read\/\" rel=\"bookmark\">Daha fazlas\u0131n\u0131 oku &raquo;<span class=\"screen-reader-text\">GREEN READ Hakk\u0131nda Daha Fazla Bilgi<\/span><\/a><\/p>\n","protected":false},"author":1,"featured_media":91,"parent":0,"menu_order":0,"comment_status":"closed","ping_status":"closed","template":"","meta":{"neve_meta_sidebar":"","neve_meta_container":"","neve_meta_enable_content_width":"off","neve_meta_content_width":100,"neve_meta_title_alignment":"","neve_meta_author_avatar":"","neve_post_elements_order":"","neve_meta_disable_header":"","neve_meta_disable_footer":"","neve_meta_disable_title":"","footnotes":""},"class_list":["post-88","page","type-page","status-publish","has-post-thumbnail","hentry"],"_links":{"self":[{"href":"https:\/\/greenread.erasmus.site\/tr\/wp-json\/wp\/v2\/pages\/88","targetHints":{"allow":["GET"]}}],"collection":[{"href":"https:\/\/greenread.erasmus.site\/tr\/wp-json\/wp\/v2\/pages"}],"about":[{"href":"https:\/\/greenread.erasmus.site\/tr\/wp-json\/wp\/v2\/types\/page"}],"author":[{"embeddable":true,"href":"https:\/\/greenread.erasmus.site\/tr\/wp-json\/wp\/v2\/users\/1"}],"replies":[{"embeddable":true,"href":"https:\/\/greenread.erasmus.site\/tr\/wp-json\/wp\/v2\/comments?post=88"}],"version-history":[{"count":6,"href":"https:\/\/greenread.erasmus.site\/tr\/wp-json\/wp\/v2\/pages\/88\/revisions"}],"predecessor-version":[{"id":235,"href":"https:\/\/greenread.erasmus.site\/tr\/wp-json\/wp\/v2\/pages\/88\/revisions\/235"}],"wp:featuredmedia":[{"embeddable":true,"href":"https:\/\/greenread.erasmus.site\/tr\/wp-json\/wp\/v2\/media\/91"}],"wp:attachment":[{"href":"https:\/\/greenread.erasmus.site\/tr\/wp-json\/wp\/v2\/media?parent=88"}],"curies":[{"name":"wp","href":"https:\/\/api.w.org\/{rel}","templated":true}]}}